{"id":375,"date":"2014-11-25T15:42:08","date_gmt":"2014-11-25T14:42:08","guid":{"rendered":"http:\/\/creative-startup.eu\/?page_id=375"},"modified":"2014-11-25T15:42:08","modified_gmt":"2014-11-25T14:42:08","slug":"aktivnosti-2","status":"publish","type":"page","link":"https:\/\/creative-startup.org\/sl\/aktivnosti-2\/","title":{"rendered":"Aktivnosti"},"content":{"rendered":"<h2>ANALIZA TRENUTNEGA STANJA IN IZDELAVA STRATE\u0160KIH DOKUMENTOV<\/h2>\n<ul>\n<li>Izdelava SWOT analize sektorja kreativnih industrij na projektnem podro\u010dju<\/li>\n<li>Izdelava dveh map lokalnih kreativnih biznisov, ena za Hrva\u0161ko, druga za Slovenijo<\/li>\n<li>Izdelava skupne dvojezi\u010dne strategije za razvoj kreativnih industrij na \u010dezmejnem podro\u010dju<\/li>\n<li>Izdelava predloga kurikuluma I-Arts (Interdisciplinary Arts)<\/li>\n<\/ul>\n<h2>EDUKACIJSKE AKTIVNOSTI<\/h2>\n<ul>\n<li>Izdelava programa usposabljanja in smernice<\/li>\n<li>Izvedba motivacijskih seminarjev za ciljno skupino (kreativne podjetnike za\u010detnike in podjetnike v razvoju). Izvedeni bodo trije tak\u0161ni seminarji, en bo potekal v Sloveniji, dva na Hrva\u0161kem<\/li>\n<li>Izvedba edukacijskih delavnic. Skupno jih bo 18, od tega deset na Hrva\u0161kem,\u00a0 osem pa v Sloveniji<\/li>\n<li>Izdelava baze podatkov potencialnih mentorjev<\/li>\n<li>Izvedba delavnice za predstavitev kandidatov za mentorje<\/li>\n<li>Mentorsko delo s posamezniki, skupno bo organiziranih 16 sre\u010danj, po osem v vsaki dr\u017eavi<\/li>\n<li>Izdelava poslovnih na\u010drtov v sodelovanju z mentorji. Pri\u010dakovano je deset tak\u0161nih na\u010drtov, po pet za vsako dr\u017eavo<\/li>\n<li>Ekskurzije v Ljubljano in Gradec za ciljne skupine in projektne partnerje.<\/li>\n<\/ul>\n<h2>VZPOSTAVITEV \u010cEZMEJNEGA OMRE\u017dEVANJA KREATIVNIH INDUSTRIJ<\/h2>\n<ul>\n<li>Izdelava dvojezi\u010dne spletne strani projekta za \u010dezmejno omre\u017eevanje kreativnih industrij<\/li>\n<li>Organizacija dveh \u010dezmejnih kreativnih sejmov, po en v vsaki dr\u017eavi<\/li>\n<li>Izvedba mednarodne konference\u00a0Kreativni forum\u00a0na Hrva\u0161kem<\/li>\n<\/ul>\n<h2>KOMUNIKACIJA IN INFORMIRANJE<\/h2>\n<ul>\n<li>Izvedba mednarodnega javnega predstavitvenega dogodka na Hrva\u0161kem<\/li>\n<li>Izdelava in tisk hrva\u0161kega vodi\u010da\u00a0Shop creative<\/li>\n<li>Izdelava dvojezi\u010dnega promocijskega filma<\/li>\n<li>Kontinuirane konference za medije<\/li>\n<li>Izdelava in tiskanje 500 vodi\u010dev o zagonu kreativnega biznisa v hrva\u0161kem in 500 v slovenskem jeziku<\/li>\n<\/ul>\n","protected":false},"excerpt":{"rendered":"<p>ANALIZA TRENUTNEGA STANJA IN IZDELAVA STRATE\u0160KIH DOKUMENTOV Izdelava SWOT analize sektorja kreativnih industrij na projektnem podro\u010dju Izdelava dveh map lokalnih kreativnih biznisov, ena za Hrva\u0161ko, druga za Slovenijo Izdelava skupne dvojezi\u010dne strategije za razvoj kreativnih industrij na \u010dezmejnem podro\u010dju Izdelava predloga kurikuluma I-Arts (Interdisciplinary Arts) EDUKACIJSKE AKTIVNOSTI Izdelava programa usposabljanja in smernice Izvedba motivacijskih seminarjev [&hellip;]<\/p>\n","protected":false},"author":1,"featured_media":0,"parent":0,"menu_order":0,"comment_status":"closed","ping_status":"closed","template":"","meta":{"footnotes":""},"class_list":["post-375","page","type-page","status-publish","hentry"],"yoast_head":"<!-- This site is optimized with the Yoast SEO plugin v27.6 - https:\/\/yoast.com\/product\/yoast-seo-wordpress\/ -->\n<title>Aktivnosti &#8226; Creative Startup Rijeka<\/title>\n<meta name=\"robots\" content=\"index, follow, max-snippet:-1, max-image-preview:large, max-video-preview:-1\" \/>\n<link rel=\"canonical\" href=\"https:\/\/creative-startup.org\/sl\/aktivnosti-2\/\" \/>\n<meta property=\"og:locale\" content=\"en_US\" \/>\n<meta property=\"og:type\" content=\"article\" \/>\n<meta property=\"og:title\" content=\"Aktivnosti &#8226; Creative Startup Rijeka\" \/>\n<meta property=\"og:description\" content=\"ANALIZA TRENUTNEGA STANJA IN IZDELAVA STRATE\u0160KIH DOKUMENTOV Izdelava SWOT analize sektorja kreativnih industrij na projektnem podro\u010dju Izdelava dveh map lokalnih kreativnih biznisov, ena za Hrva\u0161ko, druga za Slovenijo Izdelava skupne dvojezi\u010dne strategije za razvoj kreativnih industrij na \u010dezmejnem podro\u010dju Izdelava predloga kurikuluma I-Arts (Interdisciplinary Arts) EDUKACIJSKE AKTIVNOSTI Izdelava programa usposabljanja in smernice Izvedba motivacijskih seminarjev [&hellip;]\" \/>\n<meta property=\"og:url\" content=\"https:\/\/creative-startup.org\/sl\/aktivnosti-2\/\" \/>\n<meta property=\"og:site_name\" content=\"Creative Startup Rijeka\" \/>\n<meta property=\"article:publisher\" content=\"https:\/\/www.facebook.com\/creative.startup.rijeka\" \/>\n<meta name=\"twitter:label1\" content=\"Est. reading time\" \/>\n\t<meta name=\"twitter:data1\" content=\"1 minute\" \/>\n<script type=\"application\/ld+json\" class=\"yoast-schema-graph\">{\"@context\":\"https:\\\/\\\/schema.org\",\"@graph\":[{\"@type\":\"WebPage\",\"@id\":\"https:\\\/\\\/creative-startup.org\\\/sl\\\/aktivnosti-2\\\/\",\"url\":\"https:\\\/\\\/creative-startup.org\\\/sl\\\/aktivnosti-2\\\/\",\"name\":\"Aktivnosti &#8226; Creative Startup Rijeka\",\"isPartOf\":{\"@id\":\"https:\\\/\\\/creative-startup.org\\\/#website\"},\"datePublished\":\"2014-11-25T14:42:08+00:00\",\"breadcrumb\":{\"@id\":\"https:\\\/\\\/creative-startup.org\\\/sl\\\/aktivnosti-2\\\/#breadcrumb\"},\"inLanguage\":\"sl\",\"potentialAction\":[{\"@type\":\"ReadAction\",\"target\":[\"https:\\\/\\\/creative-startup.org\\\/sl\\\/aktivnosti-2\\\/\"]}]},{\"@type\":\"BreadcrumbList\",\"@id\":\"https:\\\/\\\/creative-startup.org\\\/sl\\\/aktivnosti-2\\\/#breadcrumb\",\"itemListElement\":[{\"@type\":\"ListItem\",\"position\":1,\"name\":\"Po\u010detna\",\"item\":\"https:\\\/\\\/creative-startup.org\\\/\"},{\"@type\":\"ListItem\",\"position\":2,\"name\":\"Aktivnosti\"}]},{\"@type\":\"WebSite\",\"@id\":\"https:\\\/\\\/creative-startup.org\\\/#website\",\"url\":\"https:\\\/\\\/creative-startup.org\\\/\",\"name\":\"Creative Startup Rijeka\",\"description\":\"Konkurentnost kreativnog sektora \\\/ Hrvatska i Slovenija\",\"potentialAction\":[{\"@type\":\"SearchAction\",\"target\":{\"@type\":\"EntryPoint\",\"urlTemplate\":\"https:\\\/\\\/creative-startup.org\\\/?s={search_term_string}\"},\"query-input\":{\"@type\":\"PropertyValueSpecification\",\"valueRequired\":true,\"valueName\":\"search_term_string\"}}],\"inLanguage\":\"sl\"}]}<\/script>\n<!-- \/ Yoast SEO plugin. -->","yoast_head_json":{"title":"Aktivnosti &#8226; Creative Startup Rijeka","robots":{"index":"index","follow":"follow","max-snippet":"max-snippet:-1","max-image-preview":"max-image-preview:large","max-video-preview":"max-video-preview:-1"},"canonical":"https:\/\/creative-startup.org\/sl\/aktivnosti-2\/","og_locale":"en_US","og_type":"article","og_title":"Aktivnosti &#8226; Creative Startup Rijeka","og_description":"ANALIZA TRENUTNEGA STANJA IN IZDELAVA STRATE\u0160KIH DOKUMENTOV Izdelava SWOT analize sektorja kreativnih industrij na projektnem podro\u010dju Izdelava dveh map lokalnih kreativnih biznisov, ena za Hrva\u0161ko, druga za Slovenijo Izdelava skupne dvojezi\u010dne strategije za razvoj kreativnih industrij na \u010dezmejnem podro\u010dju Izdelava predloga kurikuluma I-Arts (Interdisciplinary Arts) EDUKACIJSKE AKTIVNOSTI Izdelava programa usposabljanja in smernice Izvedba motivacijskih seminarjev [&hellip;]","og_url":"https:\/\/creative-startup.org\/sl\/aktivnosti-2\/","og_site_name":"Creative Startup Rijeka","article_publisher":"https:\/\/www.facebook.com\/creative.startup.rijeka","twitter_misc":{"Est. reading time":"1 minute"},"schema":{"@context":"https:\/\/schema.org","@graph":[{"@type":"WebPage","@id":"https:\/\/creative-startup.org\/sl\/aktivnosti-2\/","url":"https:\/\/creative-startup.org\/sl\/aktivnosti-2\/","name":"Aktivnosti &#8226; Creative Startup Rijeka","isPartOf":{"@id":"https:\/\/creative-startup.org\/#website"},"datePublished":"2014-11-25T14:42:08+00:00","breadcrumb":{"@id":"https:\/\/creative-startup.org\/sl\/aktivnosti-2\/#breadcrumb"},"inLanguage":"sl","potentialAction":[{"@type":"ReadAction","target":["https:\/\/creative-startup.org\/sl\/aktivnosti-2\/"]}]},{"@type":"BreadcrumbList","@id":"https:\/\/creative-startup.org\/sl\/aktivnosti-2\/#breadcrumb","itemListElement":[{"@type":"ListItem","position":1,"name":"Po\u010detna","item":"https:\/\/creative-startup.org\/"},{"@type":"ListItem","position":2,"name":"Aktivnosti"}]},{"@type":"WebSite","@id":"https:\/\/creative-startup.org\/#website","url":"https:\/\/creative-startup.org\/","name":"Creative Startup Rijeka","description":"Konkurentnost kreativnog sektora \/ Hrvatska i Slovenija","potentialAction":[{"@type":"SearchAction","target":{"@type":"EntryPoint","urlTemplate":"https:\/\/creative-startup.org\/?s={search_term_string}"},"query-input":{"@type":"PropertyValueSpecification","valueRequired":true,"valueName":"search_term_string"}}],"inLanguage":"sl"}]}},"jetpack_sharing_enabled":true,"_links":{"self":[{"href":"https:\/\/creative-startup.org\/sl\/wp-json\/wp\/v2\/pages\/375","targetHints":{"allow":["GET"]}}],"collection":[{"href":"https:\/\/creative-startup.org\/sl\/wp-json\/wp\/v2\/pages"}],"about":[{"href":"https:\/\/creative-startup.org\/sl\/wp-json\/wp\/v2\/types\/page"}],"author":[{"embeddable":true,"href":"https:\/\/creative-startup.org\/sl\/wp-json\/wp\/v2\/users\/1"}],"replies":[{"embeddable":true,"href":"https:\/\/creative-startup.org\/sl\/wp-json\/wp\/v2\/comments?post=375"}],"version-history":[{"count":1,"href":"https:\/\/creative-startup.org\/sl\/wp-json\/wp\/v2\/pages\/375\/revisions"}],"predecessor-version":[{"id":376,"href":"https:\/\/creative-startup.org\/sl\/wp-json\/wp\/v2\/pages\/375\/revisions\/376"}],"wp:attachment":[{"href":"https:\/\/creative-startup.org\/sl\/wp-json\/wp\/v2\/media?parent=375"}],"curies":[{"name":"wp","href":"https:\/\/api.w.org\/{rel}","templated":true}]}}